{"id":1442,"date":"2023-11-29T08:16:18","date_gmt":"2023-11-29T08:16:18","guid":{"rendered":"https:\/\/samenwerkenmet.harmony.nl\/?page_id=1442"},"modified":"2023-11-29T08:27:35","modified_gmt":"2023-11-29T08:27:35","slug":"frank-panis-nouveau-commercial-director-belgium","status":"publish","type":"page","link":"https:\/\/samenwerkenmet.harmony.nl\/fr\/nouvelles\/frank-panis-nouveau-commercial-director-belgium\/","title":{"rendered":"Frank panis nouveau commercial director Belgium"},"content":{"rendered":"<p class=\"p1\"><strong><i>Harmony va \u00e9galement conqu\u00e9rir <\/i><i>le march\u00e9 belge.<\/i><\/strong><\/p>\n<p>Temps de lecture : 2 min<\/p>\n<p class=\"p1\"><i>Aux Pays-Bas, cela fait plus de 20 ans d\u00e9j\u00e0 que Harmony est le grand <\/i><i>sp\u00e9cialiste des assurances pour \u00e9lectronique grand public.. Avec plus de 1,5 <\/i><i>million de t\u00e9l\u00e9phones, tablettes, d\u2019ordinateurs portables et d\u2019autres produits <\/i><i>assur\u00e9s, l\u2019assureur est le num\u00e9ro 1 du march\u00e9. Avec l\u2019arriv\u00e9e du Retail Addict <\/i><i>Frank Panis comme nouveau Directeur Commercial, Harmony veut donner <\/i><i>un sacr\u00e9 coup de pouce \u00e0 son expansion en Belgique. Quatre questions \u00e0 <\/i><i>Frank Panis sur son transfert vers Harmony.<\/i><\/p>\n<p>&nbsp;<\/p>\n<p class=\"p1\"><strong><i>Qui est Frank Panis ?<\/i><\/strong><\/p>\n<p class=\"p2\"><i>Dans le monde du Retail, on <\/i><i>peut dire que votre transfert <\/i><i>de Buy Way vers Harmony <\/i><i>est sur toutes les l\u00e8vres. Avant <\/i><i>d\u2019aborder cela, parlez d\u2019abord un <\/i><i>peu de vous.<\/i><\/p>\n<p class=\"p2\"><i>\u00ab Je m\u2019appelle Frank <\/i><i>Panis, j\u2019ai 38 ans, je vis en <\/i><i>cohabitation l\u00e9gale et je suis <\/i><i>p\u00e8re de 4 enfants. Je viens du <\/i><i>Limbourg. Le Limbourg belge, <\/i><i>naturellement. Et je n\u2019ai pas <\/i><i>honte de le dire : je suis un Retail <\/i><i>addict L\u2019amour du Retail, j\u2019ai <\/i><i>vraiment \u00e7a dans le sang. Apr\u00e8s <\/i><i>16 ans chez Buy Way, il \u00e9tait <\/i><i>temps pour moi de franchir une <\/i><i>nouvelle \u00e9tape dans ma carri\u00e8re. <\/i><i>Je suis donc tr\u00e8s reconnaissant <\/i><i>envers Buy Way pour les <\/i><i>opportunit\u00e9s qu\u2019ils m\u2019ont <\/i><i>offerts. De Districtmanager au <\/i><i>poste de Key Accountmanager, <\/i><i>puis \u00e0 celui de Sales &amp; Key <\/i><i>Accountmanager. \u00c0 la fin, j\u2019\u00e9tais <\/i><i>\u00e0 la t\u00eate d\u2019une \u00e9quipe de sept Districtmanagers. En Belgique et au Luxembourg. Et \u00e0 ce moment Harmony venait\u2026 \u00bb<\/i><\/p>\n<p>&nbsp;<\/p>\n<blockquote>\n<p class=\"p1\"><i>\u00ab Le march\u00e9 du Retail <\/i><i>\u00e9volue tr\u00e8s rapidement. Il <\/i><i>est donc crucial de rester <\/i><i>flexible et ax\u00e9 sur le client. <\/i><i>Et c\u2019est exactement ce que <\/i><i>Harmony fait. \u00bb<\/i><\/p>\n<\/blockquote>\n<p class=\"p2\"><i><br \/>\n<strong>Pourquoi Frank Panis et Harmony <\/strong><\/i><strong><i>sont-ils l\u2019ad\u00e9quation id\u00e9ale ?<\/i><\/strong><\/p>\n<p class=\"p1\"><i>\u00ab Bonne question. En fait, <\/i><i>la r\u00e9ponse est \u00e9vidente. Les <\/i><i>objectifs de Harmony et de <\/i><i>Buy Way sont tr\u00e8s proches. La <\/i><i>valeur ajout\u00e9e commune des <\/i><i>deux entreprises, c\u2019est leur <\/i><i>service personnalis\u00e9 et complet. <\/i><i>L\u2019objectif est d\u2019apporter aux <\/i><i>partenaires une valeur ajout\u00e9e <\/i><i>dans le d\u00e9veloppement de <\/i><i>marge et la satisfaction et <\/i><i>fid\u00e9lisation du client. Et ce, en <\/i><i>respectant le plus possible les <\/i><i>principes du d\u00e9veloppement <\/i><i>durable. \u00bb<\/i><\/p>\n<p class=\"p1\"><i>\u00ab Ensuite, je crois profond\u00e9ment <\/i><i>en la strat\u00e9gie qui est en place <\/i><i>pour conqu\u00e9rir le march\u00e9 en <\/i><i>Belgique. Et pour cela, il faut <\/i><i>naturellement commencer par <\/i><i>agir \u00e0 proximit\u00e9 du client, en <\/i><i>ouvrant une agence Harmony <\/i><i>en Belgique, soutenue par une <\/i><i>\u00e9quipe commerciale d\u00e9di\u00e9e, <\/i><i>avec un back-office. \u00bb<\/i><\/p>\n<p class=\"p1\"><i>\u00ab D\u2019autres points essentiels <\/i><i>sont un solide partenariat avec <\/i><i>les d\u00e9taillants, un soutien fort <\/i><i>dans leur strat\u00e9gie de mise <\/i><i>en march\u00e9 (avec un conseil et <\/i><i>des produits), un portefeuille <\/i><i>personnalis\u00e9 de produits, des <\/i><i>commissions, des accords clairs <\/i><i>bas\u00e9s sur la confiance et la <\/i><i>cr\u00e9ation d\u2019une relation \u00e0 long <\/i><i>terme. Je trouve ce dernier point <\/i><i>tr\u00e8s important, car le march\u00e9 du <\/i><i>Retail \u00e9volue tr\u00e8s rapidement.<\/i><\/p>\n<p class=\"p1\"><i>Il est donc crucial de rester <\/i><i>flexible et ax\u00e9 sur le client. <\/i><i>Et c\u2019est exactement ce que <\/i><i>Harmony fait et veut continuer <\/i><i>\u00e0 faire. Un autre atout est <\/i><i>naturellement aussi la possibilit\u00e9 <\/i><i>d\u2019entreprendre dans l\u2019entreprise <\/i><i>chez Harmony. Je ressens une <\/i><i>grande libert\u00e9 pour r\u00e9aliser des <\/i><i>objectifs communs, et c\u2019est ce <\/i><i>qui rend ce job si passionnant et <\/i><i>attrayant. \u00bb<\/i><\/p>\n<p class=\"p1\"><strong><i>Que pense Frank Panis du <\/i><i>monde actuel du Retail ?<\/i><\/strong><\/p>\n<p class=\"p2\"><i>\u00ab C\u2019est un petit monde qui <\/i><i>continue \u00e0 me fasciner jour <\/i><i>apr\u00e8s jour. Le Retail doit <\/i><i>s\u2019adapter comme aucun\u00a0 <\/i><i>autre march\u00e9 aux nouvelles <\/i><i>\u00e9volutions, tendances et <\/i><i>circonstances du march\u00e9. <\/i><i>On peut citer, par exemple, <\/i><i>l\u2019\u00e9norme progression de la <\/i><i>num\u00e9risation et du shopping en <\/i><i>ligne ou encore la gestion des <\/i><i>probl\u00e8mes de d\u00e9veloppement <\/i><i>durable. C\u2019est un march\u00e9 qui <\/i><i>demande une \u00e9norme capacit\u00e9 <\/i><i>d\u2019adaptation. Car un march\u00e9 <\/i><i>qui \u00e9volue, c\u2019est un march\u00e9 qui <\/i><i>rec\u00e8le des opportunit\u00e9s. \u00bb<\/i><\/p>\n<p>&nbsp;<\/p>\n<blockquote>\n<p class=\"p1\"><i>\u00ab Un march\u00e9 qui \u00e9volue, <\/i><i>c\u2019est un march\u00e9 qui rec\u00e8le <\/i><i>des opportunit\u00e9s. \u00bb<\/i><\/p>\n<\/blockquote>\n<p>&nbsp;<\/p>\n<p class=\"p1\"><strong><i>Avec Frank Panis, Harmony <\/i><i>Belgique est-il par\u00e9 pour l\u2019avenir ?<\/i><\/strong><\/p>\n<p class=\"p2\"><i>\u00ab Oui, avec nos partenariats <\/i><i>actuels et futurs, Harmony <\/i><i>doit devenir le premier <\/i><i>partenaire d\u2019assurance <\/i><i>implant\u00e9 localement pour <\/i><i>les retailers. Je ne peux pas <\/i><i>encore d\u00e9voiler tous nos <\/i><i>projets, mais je peux d\u00e9j\u00e0 vous <\/i><i>donner un indice. Nous allons <\/i><i>poursuivre la diversification <\/i><i>de nos services actuels. Par <\/i><i>exemple, nous allons \u00e9galement <\/i><i>nous concentrer autant sur <\/i><i>les interm\u00e9diaires que sur <\/i><i>les produits proprement <\/i><i>dits. La gamme de produits <\/i><i>sera \u00e9galement \u00e9largie avec <\/i><i>des produits d\u2019assurance <\/i><i>pour smartphones, produits <\/i><i>multim\u00e9dia et informatiques, <\/i><i>mais \u00e9galement pour produits <\/i><i>de gaming, \u00e9lectrom\u00e9nagers et <\/i><i>audiovisuels. Je suis convaincu <\/i><i>qu\u2019avec notre d\u00e9vouement, <\/i><i>qualit\u00e9 et notre innovation, le <\/i><i>succ\u00e8s sera au rendez-vous. \u00bb<\/i><\/p>\n","protected":false},"excerpt":{"rendered":"<p>Harmony va \u00e9galement conqu\u00e9rir le march\u00e9 belge. Temps de lecture : 2 min Aux Pays-Bas, cela fait plus de 20 ans d\u00e9j\u00e0 que Harmony est le grand sp\u00e9cialiste des assurances pour \u00e9lectronique grand public.. Avec plus de 1,5 million de t\u00e9l\u00e9phones, tablettes, d\u2019ordinateurs portables et d\u2019autres produits assur\u00e9s, l\u2019assureur est [&hellip;]<\/p>\n","protected":false},"author":1,"featured_media":1385,"parent":1410,"menu_order":0,"comment_status":"closed","ping_status":"closed","template":"page-templates\/news-page.php","meta":{"_acf_changed":false,"footnotes":""},"categories":[],"tags":[],"class_list":["post-1442","page","type-page","status-publish","has-post-thumbnail","hentry"],"yoast_head":"<!-- This site is optimized with the Yoast SEO plugin v27.1.1 - https:\/\/yoast.com\/product\/yoast-seo-wordpress\/ -->\n<title>Frank panis nouveau commercial director Belgium - This is Harmony<\/title>\n<meta name=\"robots\" content=\"index, follow, max-snippet:-1, max-image-preview:large, max-video-preview:-1\" \/>\n<link rel=\"canonical\" href=\"https:\/\/samenwerkenmet.harmony.nl\/fr\/nouvelles\/frank-panis-nouveau-commercial-director-belgium\/\" \/>\n<meta property=\"og:locale\" content=\"fr_FR\" \/>\n<meta property=\"og:type\" content=\"article\" \/>\n<meta property=\"og:title\" content=\"Frank panis nouveau commercial director Belgium - This is Harmony\" \/>\n<meta property=\"og:description\" content=\"Harmony va \u00e9galement conqu\u00e9rir le march\u00e9 belge. Temps de lecture : 2 min Aux Pays-Bas, cela fait plus de 20 ans d\u00e9j\u00e0 que Harmony est le grand sp\u00e9cialiste des assurances pour \u00e9lectronique grand public.. Avec plus de 1,5 million de t\u00e9l\u00e9phones, tablettes, d\u2019ordinateurs portables et d\u2019autres produits assur\u00e9s, l\u2019assureur est [&hellip;]\" \/>\n<meta property=\"og:url\" content=\"https:\/\/samenwerkenmet.harmony.nl\/fr\/nouvelles\/frank-panis-nouveau-commercial-director-belgium\/\" \/>\n<meta property=\"og:site_name\" content=\"This is Harmony\" \/>\n<meta property=\"article:modified_time\" content=\"2023-11-29T08:27:35+00:00\" \/>\n<meta property=\"og:image\" content=\"http:\/\/samenwerkenmet.harmony.nl\/wp-content\/uploads\/sites\/2\/2023\/10\/Frank_Panis-header.jpg\" \/>\n\t<meta property=\"og:image:width\" content=\"2166\" \/>\n\t<meta property=\"og:image:height\" content=\"736\" \/>\n\t<meta property=\"og:image:type\" content=\"image\/jpeg\" \/>\n<meta name=\"twitter:card\" content=\"summary_large_image\" \/>\n<meta name=\"twitter:label1\" content=\"Dur\u00e9e de lecture estim\u00e9e\" \/>\n\t<meta name=\"twitter:data1\" content=\"4 minutes\" \/>\n<script type=\"application\/ld+json\" class=\"yoast-schema-graph\">{\"@context\":\"https:\/\/schema.org\",\"@graph\":[{\"@type\":\"WebPage\",\"@id\":\"https:\/\/samenwerkenmet.harmony.nl\/fr\/nouvelles\/frank-panis-nouveau-commercial-director-belgium\/\",\"url\":\"https:\/\/samenwerkenmet.harmony.nl\/fr\/nouvelles\/frank-panis-nouveau-commercial-director-belgium\/\",\"name\":\"Frank panis nouveau commercial director Belgium - This is Harmony\",\"isPartOf\":{\"@id\":\"https:\/\/samenwerkenmet.harmony.nl\/#website\"},\"primaryImageOfPage\":{\"@id\":\"https:\/\/samenwerkenmet.harmony.nl\/fr\/nouvelles\/frank-panis-nouveau-commercial-director-belgium\/#primaryimage\"},\"image\":{\"@id\":\"https:\/\/samenwerkenmet.harmony.nl\/fr\/nouvelles\/frank-panis-nouveau-commercial-director-belgium\/#primaryimage\"},\"thumbnailUrl\":\"https:\/\/samenwerkenmet.harmony.nl\/wp-content\/uploads\/sites\/2\/2023\/10\/Frank_Panis-header.jpg\",\"datePublished\":\"2023-11-29T08:16:18+00:00\",\"dateModified\":\"2023-11-29T08:27:35+00:00\",\"breadcrumb\":{\"@id\":\"https:\/\/samenwerkenmet.harmony.nl\/fr\/nouvelles\/frank-panis-nouveau-commercial-director-belgium\/#breadcrumb\"},\"inLanguage\":\"fr-FR\",\"potentialAction\":[{\"@type\":\"ReadAction\",\"target\":[\"https:\/\/samenwerkenmet.harmony.nl\/fr\/nouvelles\/frank-panis-nouveau-commercial-director-belgium\/\"]}]},{\"@type\":\"ImageObject\",\"inLanguage\":\"fr-FR\",\"@id\":\"https:\/\/samenwerkenmet.harmony.nl\/fr\/nouvelles\/frank-panis-nouveau-commercial-director-belgium\/#primaryimage\",\"url\":\"https:\/\/samenwerkenmet.harmony.nl\/wp-content\/uploads\/sites\/2\/2023\/10\/Frank_Panis-header.jpg\",\"contentUrl\":\"https:\/\/samenwerkenmet.harmony.nl\/wp-content\/uploads\/sites\/2\/2023\/10\/Frank_Panis-header.jpg\",\"width\":2166,\"height\":736},{\"@type\":\"BreadcrumbList\",\"@id\":\"https:\/\/samenwerkenmet.harmony.nl\/fr\/nouvelles\/frank-panis-nouveau-commercial-director-belgium\/#breadcrumb\",\"itemListElement\":[{\"@type\":\"ListItem\",\"position\":1,\"name\":\"Home\",\"item\":\"https:\/\/samenwerkenmet.harmony.nl\/fr\/accueil\/\"},{\"@type\":\"ListItem\",\"position\":2,\"name\":\"Nouvelles\",\"item\":\"https:\/\/samenwerkenmet.harmony.nl\/fr\/nouvelles\/\"},{\"@type\":\"ListItem\",\"position\":3,\"name\":\"Frank panis nouveau commercial director Belgium\"}]},{\"@type\":\"WebSite\",\"@id\":\"https:\/\/samenwerkenmet.harmony.nl\/#website\",\"url\":\"https:\/\/samenwerkenmet.harmony.nl\/\",\"name\":\"This is Harmony\",\"description\":\"Why Worry?\",\"publisher\":{\"@id\":\"https:\/\/samenwerkenmet.harmony.nl\/#organization\"},\"potentialAction\":[{\"@type\":\"SearchAction\",\"target\":{\"@type\":\"EntryPoint\",\"urlTemplate\":\"https:\/\/samenwerkenmet.harmony.nl\/?s={search_term_string}\"},\"query-input\":{\"@type\":\"PropertyValueSpecification\",\"valueRequired\":true,\"valueName\":\"search_term_string\"}}],\"inLanguage\":\"fr-FR\"},{\"@type\":\"Organization\",\"@id\":\"https:\/\/samenwerkenmet.harmony.nl\/#organization\",\"name\":\"This is Harmony\",\"url\":\"https:\/\/samenwerkenmet.harmony.nl\/\",\"logo\":{\"@type\":\"ImageObject\",\"inLanguage\":\"fr-FR\",\"@id\":\"https:\/\/samenwerkenmet.harmony.nl\/#\/schema\/logo\/image\/\",\"url\":\"https:\/\/samenwerkenmet.harmony.nl\/wp-content\/uploads\/sites\/2\/2026\/01\/cropped-cropped-Harmony_Logo_RGB-Horizontal@2x-1-25.png\",\"contentUrl\":\"https:\/\/samenwerkenmet.harmony.nl\/wp-content\/uploads\/sites\/2\/2026\/01\/cropped-cropped-Harmony_Logo_RGB-Horizontal@2x-1-25.png\",\"width\":313,\"height\":55,\"caption\":\"This is Harmony\"},\"image\":{\"@id\":\"https:\/\/samenwerkenmet.harmony.nl\/#\/schema\/logo\/image\/\"}}]}<\/script>\n<!-- \/ Yoast SEO plugin. -->","yoast_head_json":{"title":"Frank panis nouveau commercial director Belgium - This is Harmony","robots":{"index":"index","follow":"follow","max-snippet":"max-snippet:-1","max-image-preview":"max-image-preview:large","max-video-preview":"max-video-preview:-1"},"canonical":"https:\/\/samenwerkenmet.harmony.nl\/fr\/nouvelles\/frank-panis-nouveau-commercial-director-belgium\/","og_locale":"fr_FR","og_type":"article","og_title":"Frank panis nouveau commercial director Belgium - This is Harmony","og_description":"Harmony va \u00e9galement conqu\u00e9rir le march\u00e9 belge. Temps de lecture : 2 min Aux Pays-Bas, cela fait plus de 20 ans d\u00e9j\u00e0 que Harmony est le grand sp\u00e9cialiste des assurances pour \u00e9lectronique grand public.. Avec plus de 1,5 million de t\u00e9l\u00e9phones, tablettes, d\u2019ordinateurs portables et d\u2019autres produits assur\u00e9s, l\u2019assureur est [&hellip;]","og_url":"https:\/\/samenwerkenmet.harmony.nl\/fr\/nouvelles\/frank-panis-nouveau-commercial-director-belgium\/","og_site_name":"This is Harmony","article_modified_time":"2023-11-29T08:27:35+00:00","og_image":[{"width":2166,"height":736,"url":"http:\/\/samenwerkenmet.harmony.nl\/wp-content\/uploads\/sites\/2\/2023\/10\/Frank_Panis-header.jpg","type":"image\/jpeg"}],"twitter_card":"summary_large_image","twitter_misc":{"Dur\u00e9e de lecture estim\u00e9e":"4 minutes"},"schema":{"@context":"https:\/\/schema.org","@graph":[{"@type":"WebPage","@id":"https:\/\/samenwerkenmet.harmony.nl\/fr\/nouvelles\/frank-panis-nouveau-commercial-director-belgium\/","url":"https:\/\/samenwerkenmet.harmony.nl\/fr\/nouvelles\/frank-panis-nouveau-commercial-director-belgium\/","name":"Frank panis nouveau commercial director Belgium - This is Harmony","isPartOf":{"@id":"https:\/\/samenwerkenmet.harmony.nl\/#website"},"primaryImageOfPage":{"@id":"https:\/\/samenwerkenmet.harmony.nl\/fr\/nouvelles\/frank-panis-nouveau-commercial-director-belgium\/#primaryimage"},"image":{"@id":"https:\/\/samenwerkenmet.harmony.nl\/fr\/nouvelles\/frank-panis-nouveau-commercial-director-belgium\/#primaryimage"},"thumbnailUrl":"https:\/\/samenwerkenmet.harmony.nl\/wp-content\/uploads\/sites\/2\/2023\/10\/Frank_Panis-header.jpg","datePublished":"2023-11-29T08:16:18+00:00","dateModified":"2023-11-29T08:27:35+00:00","breadcrumb":{"@id":"https:\/\/samenwerkenmet.harmony.nl\/fr\/nouvelles\/frank-panis-nouveau-commercial-director-belgium\/#breadcrumb"},"inLanguage":"fr-FR","potentialAction":[{"@type":"ReadAction","target":["https:\/\/samenwerkenmet.harmony.nl\/fr\/nouvelles\/frank-panis-nouveau-commercial-director-belgium\/"]}]},{"@type":"ImageObject","inLanguage":"fr-FR","@id":"https:\/\/samenwerkenmet.harmony.nl\/fr\/nouvelles\/frank-panis-nouveau-commercial-director-belgium\/#primaryimage","url":"https:\/\/samenwerkenmet.harmony.nl\/wp-content\/uploads\/sites\/2\/2023\/10\/Frank_Panis-header.jpg","contentUrl":"https:\/\/samenwerkenmet.harmony.nl\/wp-content\/uploads\/sites\/2\/2023\/10\/Frank_Panis-header.jpg","width":2166,"height":736},{"@type":"BreadcrumbList","@id":"https:\/\/samenwerkenmet.harmony.nl\/fr\/nouvelles\/frank-panis-nouveau-commercial-director-belgium\/#breadcrumb","itemListElement":[{"@type":"ListItem","position":1,"name":"Home","item":"https:\/\/samenwerkenmet.harmony.nl\/fr\/accueil\/"},{"@type":"ListItem","position":2,"name":"Nouvelles","item":"https:\/\/samenwerkenmet.harmony.nl\/fr\/nouvelles\/"},{"@type":"ListItem","position":3,"name":"Frank panis nouveau commercial director Belgium"}]},{"@type":"WebSite","@id":"https:\/\/samenwerkenmet.harmony.nl\/#website","url":"https:\/\/samenwerkenmet.harmony.nl\/","name":"This is Harmony","description":"Why Worry?","publisher":{"@id":"https:\/\/samenwerkenmet.harmony.nl\/#organization"},"potentialAction":[{"@type":"SearchAction","target":{"@type":"EntryPoint","urlTemplate":"https:\/\/samenwerkenmet.harmony.nl\/?s={search_term_string}"},"query-input":{"@type":"PropertyValueSpecification","valueRequired":true,"valueName":"search_term_string"}}],"inLanguage":"fr-FR"},{"@type":"Organization","@id":"https:\/\/samenwerkenmet.harmony.nl\/#organization","name":"This is Harmony","url":"https:\/\/samenwerkenmet.harmony.nl\/","logo":{"@type":"ImageObject","inLanguage":"fr-FR","@id":"https:\/\/samenwerkenmet.harmony.nl\/#\/schema\/logo\/image\/","url":"https:\/\/samenwerkenmet.harmony.nl\/wp-content\/uploads\/sites\/2\/2026\/01\/cropped-cropped-Harmony_Logo_RGB-Horizontal@2x-1-25.png","contentUrl":"https:\/\/samenwerkenmet.harmony.nl\/wp-content\/uploads\/sites\/2\/2026\/01\/cropped-cropped-Harmony_Logo_RGB-Horizontal@2x-1-25.png","width":313,"height":55,"caption":"This is Harmony"},"image":{"@id":"https:\/\/samenwerkenmet.harmony.nl\/#\/schema\/logo\/image\/"}}]}},"acf":[],"_links":{"self":[{"href":"https:\/\/samenwerkenmet.harmony.nl\/fr\/wp-json\/wp\/v2\/pages\/1442\/"}],"collection":[{"href":"https:\/\/samenwerkenmet.harmony.nl\/fr\/wp-json\/wp\/v2\/pages\/"}],"about":[{"href":"https:\/\/samenwerkenmet.harmony.nl\/fr\/wp-json\/wp\/v2\/types\/page\/"}],"author":[{"embeddable":true,"href":"https:\/\/samenwerkenmet.harmony.nl\/fr\/wp-json\/wp\/v2\/users\/1\/"}],"replies":[{"embeddable":true,"href":"https:\/\/samenwerkenmet.harmony.nl\/fr\/wp-json\/wp\/v2\/comments\/?post=1442"}],"version-history":[{"count":3,"href":"https:\/\/samenwerkenmet.harmony.nl\/fr\/wp-json\/wp\/v2\/pages\/1442\/revisions\/"}],"predecessor-version":[{"id":1446,"href":"https:\/\/samenwerkenmet.harmony.nl\/fr\/wp-json\/wp\/v2\/pages\/1442\/revisions\/1446\/"}],"up":[{"embeddable":true,"href":"https:\/\/samenwerkenmet.harmony.nl\/fr\/wp-json\/wp\/v2\/pages\/1410\/"}],"wp:featuredmedia":[{"embeddable":true,"href":"https:\/\/samenwerkenmet.harmony.nl\/fr\/wp-json\/wp\/v2\/media\/1385\/"}],"wp:attachment":[{"href":"https:\/\/samenwerkenmet.harmony.nl\/fr\/wp-json\/wp\/v2\/media\/?parent=1442"}],"wp:term":[{"taxonomy":"category","embeddable":true,"href":"https:\/\/samenwerkenmet.harmony.nl\/fr\/wp-json\/wp\/v2\/categories\/?post=1442"},{"taxonomy":"post_tag","embeddable":true,"href":"https:\/\/samenwerkenmet.harmony.nl\/fr\/wp-json\/wp\/v2\/tags\/?post=1442"}],"curies":[{"name":"wp","href":"https:\/\/api.w.org\/{rel}","templated":true}]}}