{"id":1033,"date":"2022-06-30T14:05:05","date_gmt":"2022-06-30T14:05:05","guid":{"rendered":"https:\/\/samenwerkenmet.harmony.nl\/?page_id=1033"},"modified":"2022-07-29T07:55:54","modified_gmt":"2022-07-29T07:55:54","slug":"concernant","status":"publish","type":"page","link":"https:\/\/samenwerkenmet.harmony.nl\/fr\/concernant\/","title":{"rendered":"Concernant"},"content":{"rendered":"<p>Nous sommes le plus grand sp\u00e9cialiste dans l&rsquo;assurance des technologies grand public depuis plus de 20 ans destin\u00e9e aux d\u00e9taillants, au secteur de l&rsquo;\u00e9ducation et au march\u00e9 des affaires. Nous avons d\u00e9j\u00e0 assur\u00e9 plus de 1,5 millions de t\u00e9l\u00e9phones, tablettes, ordinateurs portables et autres produits.<\/p>\n","protected":false},"excerpt":{"rendered":"<p>Nous sommes le plus grand sp\u00e9cialiste dans l&rsquo;assurance des technologies grand public depuis plus de 20 ans destin\u00e9e aux d\u00e9taillants, au secteur de l&rsquo;\u00e9ducation et au march\u00e9 des affaires. Nous avons d\u00e9j\u00e0 assur\u00e9 plus de 1,5 millions de t\u00e9l\u00e9phones, tablettes, ordinateurs portables et autres produits.<\/p>\n","protected":false},"author":1,"featured_media":0,"parent":0,"menu_order":0,"comment_status":"closed","ping_status":"closed","template":"page-templates\/about.php","meta":{"_acf_changed":false,"footnotes":""},"categories":[],"tags":[],"class_list":["post-1033","page","type-page","status-publish","hentry"],"yoast_head":"<!-- This site is optimized with the Yoast SEO plugin v27.4 - https:\/\/yoast.com\/product\/yoast-seo-wordpress\/ -->\n<title>Concernant - This is Harmony<\/title>\n<meta name=\"robots\" content=\"index, follow, max-snippet:-1, max-image-preview:large, max-video-preview:-1\" \/>\n<link rel=\"canonical\" href=\"https:\/\/samenwerkenmet.harmony.nl\/fr\/concernant\/\" \/>\n<meta property=\"og:locale\" content=\"fr_FR\" \/>\n<meta property=\"og:type\" content=\"article\" \/>\n<meta property=\"og:title\" content=\"Concernant - This is Harmony\" \/>\n<meta property=\"og:description\" content=\"Nous sommes le plus grand sp\u00e9cialiste dans l&rsquo;assurance des technologies grand public depuis plus de 20 ans destin\u00e9e aux d\u00e9taillants, au secteur de l&rsquo;\u00e9ducation et au march\u00e9 des affaires. Nous avons d\u00e9j\u00e0 assur\u00e9 plus de 1,5 millions de t\u00e9l\u00e9phones, tablettes, ordinateurs portables et autres produits.\" \/>\n<meta property=\"og:url\" content=\"https:\/\/samenwerkenmet.harmony.nl\/fr\/concernant\/\" \/>\n<meta property=\"og:site_name\" content=\"This is Harmony\" \/>\n<meta property=\"article:modified_time\" content=\"2022-07-29T07:55:54+00:00\" \/>\n<meta name=\"twitter:card\" content=\"summary_large_image\" \/>\n<meta name=\"twitter:label1\" content=\"Dur\u00e9e de lecture estim\u00e9e\" \/>\n\t<meta name=\"twitter:data1\" content=\"1 minute\" \/>\n<script type=\"application\/ld+json\" class=\"yoast-schema-graph\">{\"@context\":\"https:\\\/\\\/schema.org\",\"@graph\":[{\"@type\":\"WebPage\",\"@id\":\"https:\\\/\\\/samenwerkenmet.harmony.nl\\\/fr\\\/concernant\\\/\",\"url\":\"https:\\\/\\\/samenwerkenmet.harmony.nl\\\/fr\\\/concernant\\\/\",\"name\":\"Concernant - This is Harmony\",\"isPartOf\":{\"@id\":\"https:\\\/\\\/samenwerkenmet.harmony.nl\\\/#website\"},\"datePublished\":\"2022-06-30T14:05:05+00:00\",\"dateModified\":\"2022-07-29T07:55:54+00:00\",\"breadcrumb\":{\"@id\":\"https:\\\/\\\/samenwerkenmet.harmony.nl\\\/fr\\\/concernant\\\/#breadcrumb\"},\"inLanguage\":\"fr-FR\",\"potentialAction\":[{\"@type\":\"ReadAction\",\"target\":[\"https:\\\/\\\/samenwerkenmet.harmony.nl\\\/fr\\\/concernant\\\/\"]}]},{\"@type\":\"BreadcrumbList\",\"@id\":\"https:\\\/\\\/samenwerkenmet.harmony.nl\\\/fr\\\/concernant\\\/#breadcrumb\",\"itemListElement\":[{\"@type\":\"ListItem\",\"position\":1,\"name\":\"Home\",\"item\":\"https:\\\/\\\/samenwerkenmet.harmony.nl\\\/fr\\\/accueil\\\/\"},{\"@type\":\"ListItem\",\"position\":2,\"name\":\"Concernant\"}]},{\"@type\":\"WebSite\",\"@id\":\"https:\\\/\\\/samenwerkenmet.harmony.nl\\\/#website\",\"url\":\"https:\\\/\\\/samenwerkenmet.harmony.nl\\\/\",\"name\":\"This is Harmony\",\"description\":\"Why Worry?\",\"publisher\":{\"@id\":\"https:\\\/\\\/samenwerkenmet.harmony.nl\\\/#organization\"},\"potentialAction\":[{\"@type\":\"SearchAction\",\"target\":{\"@type\":\"EntryPoint\",\"urlTemplate\":\"https:\\\/\\\/samenwerkenmet.harmony.nl\\\/?s={search_term_string}\"},\"query-input\":{\"@type\":\"PropertyValueSpecification\",\"valueRequired\":true,\"valueName\":\"search_term_string\"}}],\"inLanguage\":\"fr-FR\"},{\"@type\":\"Organization\",\"@id\":\"https:\\\/\\\/samenwerkenmet.harmony.nl\\\/#organization\",\"name\":\"This is Harmony\",\"url\":\"https:\\\/\\\/samenwerkenmet.harmony.nl\\\/\",\"logo\":{\"@type\":\"ImageObject\",\"inLanguage\":\"fr-FR\",\"@id\":\"https:\\\/\\\/samenwerkenmet.harmony.nl\\\/#\\\/schema\\\/logo\\\/image\\\/\",\"url\":\"https:\\\/\\\/samenwerkenmet.harmony.nl\\\/wp-content\\\/uploads\\\/sites\\\/2\\\/2026\\\/01\\\/cropped-cropped-Harmony_Logo_RGB-Horizontal@2x-1-25.png\",\"contentUrl\":\"https:\\\/\\\/samenwerkenmet.harmony.nl\\\/wp-content\\\/uploads\\\/sites\\\/2\\\/2026\\\/01\\\/cropped-cropped-Harmony_Logo_RGB-Horizontal@2x-1-25.png\",\"width\":313,\"height\":55,\"caption\":\"This is Harmony\"},\"image\":{\"@id\":\"https:\\\/\\\/samenwerkenmet.harmony.nl\\\/#\\\/schema\\\/logo\\\/image\\\/\"}}]}<\/script>\n<!-- \/ Yoast SEO plugin. -->","yoast_head_json":{"title":"Concernant - This is Harmony","robots":{"index":"index","follow":"follow","max-snippet":"max-snippet:-1","max-image-preview":"max-image-preview:large","max-video-preview":"max-video-preview:-1"},"canonical":"https:\/\/samenwerkenmet.harmony.nl\/fr\/concernant\/","og_locale":"fr_FR","og_type":"article","og_title":"Concernant - This is Harmony","og_description":"Nous sommes le plus grand sp\u00e9cialiste dans l&rsquo;assurance des technologies grand public depuis plus de 20 ans destin\u00e9e aux d\u00e9taillants, au secteur de l&rsquo;\u00e9ducation et au march\u00e9 des affaires. Nous avons d\u00e9j\u00e0 assur\u00e9 plus de 1,5 millions de t\u00e9l\u00e9phones, tablettes, ordinateurs portables et autres produits.","og_url":"https:\/\/samenwerkenmet.harmony.nl\/fr\/concernant\/","og_site_name":"This is Harmony","article_modified_time":"2022-07-29T07:55:54+00:00","twitter_card":"summary_large_image","twitter_misc":{"Dur\u00e9e de lecture estim\u00e9e":"1 minute"},"schema":{"@context":"https:\/\/schema.org","@graph":[{"@type":"WebPage","@id":"https:\/\/samenwerkenmet.harmony.nl\/fr\/concernant\/","url":"https:\/\/samenwerkenmet.harmony.nl\/fr\/concernant\/","name":"Concernant - This is Harmony","isPartOf":{"@id":"https:\/\/samenwerkenmet.harmony.nl\/#website"},"datePublished":"2022-06-30T14:05:05+00:00","dateModified":"2022-07-29T07:55:54+00:00","breadcrumb":{"@id":"https:\/\/samenwerkenmet.harmony.nl\/fr\/concernant\/#breadcrumb"},"inLanguage":"fr-FR","potentialAction":[{"@type":"ReadAction","target":["https:\/\/samenwerkenmet.harmony.nl\/fr\/concernant\/"]}]},{"@type":"BreadcrumbList","@id":"https:\/\/samenwerkenmet.harmony.nl\/fr\/concernant\/#breadcrumb","itemListElement":[{"@type":"ListItem","position":1,"name":"Home","item":"https:\/\/samenwerkenmet.harmony.nl\/fr\/accueil\/"},{"@type":"ListItem","position":2,"name":"Concernant"}]},{"@type":"WebSite","@id":"https:\/\/samenwerkenmet.harmony.nl\/#website","url":"https:\/\/samenwerkenmet.harmony.nl\/","name":"This is Harmony","description":"Why Worry?","publisher":{"@id":"https:\/\/samenwerkenmet.harmony.nl\/#organization"},"potentialAction":[{"@type":"SearchAction","target":{"@type":"EntryPoint","urlTemplate":"https:\/\/samenwerkenmet.harmony.nl\/?s={search_term_string}"},"query-input":{"@type":"PropertyValueSpecification","valueRequired":true,"valueName":"search_term_string"}}],"inLanguage":"fr-FR"},{"@type":"Organization","@id":"https:\/\/samenwerkenmet.harmony.nl\/#organization","name":"This is Harmony","url":"https:\/\/samenwerkenmet.harmony.nl\/","logo":{"@type":"ImageObject","inLanguage":"fr-FR","@id":"https:\/\/samenwerkenmet.harmony.nl\/#\/schema\/logo\/image\/","url":"https:\/\/samenwerkenmet.harmony.nl\/wp-content\/uploads\/sites\/2\/2026\/01\/cropped-cropped-Harmony_Logo_RGB-Horizontal@2x-1-25.png","contentUrl":"https:\/\/samenwerkenmet.harmony.nl\/wp-content\/uploads\/sites\/2\/2026\/01\/cropped-cropped-Harmony_Logo_RGB-Horizontal@2x-1-25.png","width":313,"height":55,"caption":"This is Harmony"},"image":{"@id":"https:\/\/samenwerkenmet.harmony.nl\/#\/schema\/logo\/image\/"}}]}},"acf":[],"_links":{"self":[{"href":"https:\/\/samenwerkenmet.harmony.nl\/fr\/wp-json\/wp\/v2\/pages\/1033\/"}],"collection":[{"href":"https:\/\/samenwerkenmet.harmony.nl\/fr\/wp-json\/wp\/v2\/pages\/"}],"about":[{"href":"https:\/\/samenwerkenmet.harmony.nl\/fr\/wp-json\/wp\/v2\/types\/page\/"}],"author":[{"embeddable":true,"href":"https:\/\/samenwerkenmet.harmony.nl\/fr\/wp-json\/wp\/v2\/users\/1\/"}],"replies":[{"embeddable":true,"href":"https:\/\/samenwerkenmet.harmony.nl\/fr\/wp-json\/wp\/v2\/comments\/?post=1033"}],"version-history":[{"count":2,"href":"https:\/\/samenwerkenmet.harmony.nl\/fr\/wp-json\/wp\/v2\/pages\/1033\/revisions\/"}],"predecessor-version":[{"id":1057,"href":"https:\/\/samenwerkenmet.harmony.nl\/fr\/wp-json\/wp\/v2\/pages\/1033\/revisions\/1057\/"}],"wp:attachment":[{"href":"https:\/\/samenwerkenmet.harmony.nl\/fr\/wp-json\/wp\/v2\/media\/?parent=1033"}],"wp:term":[{"taxonomy":"category","embeddable":true,"href":"https:\/\/samenwerkenmet.harmony.nl\/fr\/wp-json\/wp\/v2\/categories\/?post=1033"},{"taxonomy":"post_tag","embeddable":true,"href":"https:\/\/samenwerkenmet.harmony.nl\/fr\/wp-json\/wp\/v2\/tags\/?post=1033"}],"curies":[{"name":"wp","href":"https:\/\/api.w.org\/{rel}","templated":true}]}}