{"id":1010,"date":"2022-06-30T13:59:56","date_gmt":"2022-06-30T13:59:56","guid":{"rendered":"https:\/\/samenwerkenmet.harmony.nl\/?page_id=1010"},"modified":"2022-06-30T13:59:56","modified_gmt":"2022-06-30T13:59:56","slug":"avantages","status":"publish","type":"page","link":"https:\/\/samenwerkenmet.harmony.nl\/fr\/avantages\/","title":{"rendered":"Avantages"},"content":{"rendered":"<p>Ceux qui travaillent avec Harmony font l&rsquo;exp\u00e9rience du meilleur type de partenariat. Nous sommes un partenaire proactif, non pas un assureur \u00e0 distance. Ensemble, nous vous garantissons que votre exp\u00e9rience en tant que client s&rsquo;am\u00e9liore en permanence. Nous formons et coachons vos employ\u00e9s, de pouvoir optimiser la conversion &#8211; et plus de profit pour vous.<\/p>\n","protected":false},"excerpt":{"rendered":"<p>Ceux qui travaillent avec Harmony font l&rsquo;exp\u00e9rience du meilleur type de partenariat. Nous sommes un partenaire proactif, non pas un assureur \u00e0 distance. Ensemble, nous vous garantissons que votre exp\u00e9rience en tant que client s&rsquo;am\u00e9liore en permanence. Nous formons et coachons vos employ\u00e9s, de pouvoir optimiser la conversion &#8211; et [&hellip;]<\/p>\n","protected":false},"author":1,"featured_media":0,"parent":0,"menu_order":0,"comment_status":"closed","ping_status":"closed","template":"page-templates\/benefits.php","meta":{"_acf_changed":false,"footnotes":""},"categories":[],"tags":[],"class_list":["post-1010","page","type-page","status-publish","hentry"],"yoast_head":"<!-- This site is optimized with the Yoast SEO plugin v27.4 - https:\/\/yoast.com\/product\/yoast-seo-wordpress\/ -->\n<title>Avantages - This is Harmony<\/title>\n<meta name=\"robots\" content=\"index, follow, max-snippet:-1, max-image-preview:large, max-video-preview:-1\" \/>\n<link rel=\"canonical\" href=\"https:\/\/samenwerkenmet.harmony.nl\/fr\/avantages\/\" \/>\n<meta property=\"og:locale\" content=\"fr_FR\" \/>\n<meta property=\"og:type\" content=\"article\" \/>\n<meta property=\"og:title\" content=\"Avantages - This is Harmony\" \/>\n<meta property=\"og:description\" content=\"Ceux qui travaillent avec Harmony font l&rsquo;exp\u00e9rience du meilleur type de partenariat. Nous sommes un partenaire proactif, non pas un assureur \u00e0 distance. Ensemble, nous vous garantissons que votre exp\u00e9rience en tant que client s&rsquo;am\u00e9liore en permanence. Nous formons et coachons vos employ\u00e9s, de pouvoir optimiser la conversion &#8211; et [&hellip;]\" \/>\n<meta property=\"og:url\" content=\"https:\/\/samenwerkenmet.harmony.nl\/fr\/avantages\/\" \/>\n<meta property=\"og:site_name\" content=\"This is Harmony\" \/>\n<meta name=\"twitter:card\" content=\"summary_large_image\" \/>\n<script type=\"application\/ld+json\" class=\"yoast-schema-graph\">{\"@context\":\"https:\\\/\\\/schema.org\",\"@graph\":[{\"@type\":\"WebPage\",\"@id\":\"https:\\\/\\\/samenwerkenmet.harmony.nl\\\/fr\\\/avantages\\\/\",\"url\":\"https:\\\/\\\/samenwerkenmet.harmony.nl\\\/fr\\\/avantages\\\/\",\"name\":\"Avantages - This is Harmony\",\"isPartOf\":{\"@id\":\"https:\\\/\\\/samenwerkenmet.harmony.nl\\\/#website\"},\"datePublished\":\"2022-06-30T13:59:56+00:00\",\"breadcrumb\":{\"@id\":\"https:\\\/\\\/samenwerkenmet.harmony.nl\\\/fr\\\/avantages\\\/#breadcrumb\"},\"inLanguage\":\"fr-FR\",\"potentialAction\":[{\"@type\":\"ReadAction\",\"target\":[\"https:\\\/\\\/samenwerkenmet.harmony.nl\\\/fr\\\/avantages\\\/\"]}]},{\"@type\":\"BreadcrumbList\",\"@id\":\"https:\\\/\\\/samenwerkenmet.harmony.nl\\\/fr\\\/avantages\\\/#breadcrumb\",\"itemListElement\":[{\"@type\":\"ListItem\",\"position\":1,\"name\":\"Home\",\"item\":\"https:\\\/\\\/samenwerkenmet.harmony.nl\\\/fr\\\/accueil\\\/\"},{\"@type\":\"ListItem\",\"position\":2,\"name\":\"Avantages\"}]},{\"@type\":\"WebSite\",\"@id\":\"https:\\\/\\\/samenwerkenmet.harmony.nl\\\/#website\",\"url\":\"https:\\\/\\\/samenwerkenmet.harmony.nl\\\/\",\"name\":\"This is Harmony\",\"description\":\"Why Worry?\",\"publisher\":{\"@id\":\"https:\\\/\\\/samenwerkenmet.harmony.nl\\\/#organization\"},\"potentialAction\":[{\"@type\":\"SearchAction\",\"target\":{\"@type\":\"EntryPoint\",\"urlTemplate\":\"https:\\\/\\\/samenwerkenmet.harmony.nl\\\/?s={search_term_string}\"},\"query-input\":{\"@type\":\"PropertyValueSpecification\",\"valueRequired\":true,\"valueName\":\"search_term_string\"}}],\"inLanguage\":\"fr-FR\"},{\"@type\":\"Organization\",\"@id\":\"https:\\\/\\\/samenwerkenmet.harmony.nl\\\/#organization\",\"name\":\"This is Harmony\",\"url\":\"https:\\\/\\\/samenwerkenmet.harmony.nl\\\/\",\"logo\":{\"@type\":\"ImageObject\",\"inLanguage\":\"fr-FR\",\"@id\":\"https:\\\/\\\/samenwerkenmet.harmony.nl\\\/#\\\/schema\\\/logo\\\/image\\\/\",\"url\":\"https:\\\/\\\/samenwerkenmet.harmony.nl\\\/wp-content\\\/uploads\\\/sites\\\/2\\\/2026\\\/01\\\/cropped-cropped-Harmony_Logo_RGB-Horizontal@2x-1-25.png\",\"contentUrl\":\"https:\\\/\\\/samenwerkenmet.harmony.nl\\\/wp-content\\\/uploads\\\/sites\\\/2\\\/2026\\\/01\\\/cropped-cropped-Harmony_Logo_RGB-Horizontal@2x-1-25.png\",\"width\":313,\"height\":55,\"caption\":\"This is Harmony\"},\"image\":{\"@id\":\"https:\\\/\\\/samenwerkenmet.harmony.nl\\\/#\\\/schema\\\/logo\\\/image\\\/\"}}]}<\/script>\n<!-- \/ Yoast SEO plugin. -->","yoast_head_json":{"title":"Avantages - This is Harmony","robots":{"index":"index","follow":"follow","max-snippet":"max-snippet:-1","max-image-preview":"max-image-preview:large","max-video-preview":"max-video-preview:-1"},"canonical":"https:\/\/samenwerkenmet.harmony.nl\/fr\/avantages\/","og_locale":"fr_FR","og_type":"article","og_title":"Avantages - This is Harmony","og_description":"Ceux qui travaillent avec Harmony font l&rsquo;exp\u00e9rience du meilleur type de partenariat. Nous sommes un partenaire proactif, non pas un assureur \u00e0 distance. Ensemble, nous vous garantissons que votre exp\u00e9rience en tant que client s&rsquo;am\u00e9liore en permanence. Nous formons et coachons vos employ\u00e9s, de pouvoir optimiser la conversion &#8211; et [&hellip;]","og_url":"https:\/\/samenwerkenmet.harmony.nl\/fr\/avantages\/","og_site_name":"This is Harmony","twitter_card":"summary_large_image","schema":{"@context":"https:\/\/schema.org","@graph":[{"@type":"WebPage","@id":"https:\/\/samenwerkenmet.harmony.nl\/fr\/avantages\/","url":"https:\/\/samenwerkenmet.harmony.nl\/fr\/avantages\/","name":"Avantages - This is Harmony","isPartOf":{"@id":"https:\/\/samenwerkenmet.harmony.nl\/#website"},"datePublished":"2022-06-30T13:59:56+00:00","breadcrumb":{"@id":"https:\/\/samenwerkenmet.harmony.nl\/fr\/avantages\/#breadcrumb"},"inLanguage":"fr-FR","potentialAction":[{"@type":"ReadAction","target":["https:\/\/samenwerkenmet.harmony.nl\/fr\/avantages\/"]}]},{"@type":"BreadcrumbList","@id":"https:\/\/samenwerkenmet.harmony.nl\/fr\/avantages\/#breadcrumb","itemListElement":[{"@type":"ListItem","position":1,"name":"Home","item":"https:\/\/samenwerkenmet.harmony.nl\/fr\/accueil\/"},{"@type":"ListItem","position":2,"name":"Avantages"}]},{"@type":"WebSite","@id":"https:\/\/samenwerkenmet.harmony.nl\/#website","url":"https:\/\/samenwerkenmet.harmony.nl\/","name":"This is Harmony","description":"Why Worry?","publisher":{"@id":"https:\/\/samenwerkenmet.harmony.nl\/#organization"},"potentialAction":[{"@type":"SearchAction","target":{"@type":"EntryPoint","urlTemplate":"https:\/\/samenwerkenmet.harmony.nl\/?s={search_term_string}"},"query-input":{"@type":"PropertyValueSpecification","valueRequired":true,"valueName":"search_term_string"}}],"inLanguage":"fr-FR"},{"@type":"Organization","@id":"https:\/\/samenwerkenmet.harmony.nl\/#organization","name":"This is Harmony","url":"https:\/\/samenwerkenmet.harmony.nl\/","logo":{"@type":"ImageObject","inLanguage":"fr-FR","@id":"https:\/\/samenwerkenmet.harmony.nl\/#\/schema\/logo\/image\/","url":"https:\/\/samenwerkenmet.harmony.nl\/wp-content\/uploads\/sites\/2\/2026\/01\/cropped-cropped-Harmony_Logo_RGB-Horizontal@2x-1-25.png","contentUrl":"https:\/\/samenwerkenmet.harmony.nl\/wp-content\/uploads\/sites\/2\/2026\/01\/cropped-cropped-Harmony_Logo_RGB-Horizontal@2x-1-25.png","width":313,"height":55,"caption":"This is Harmony"},"image":{"@id":"https:\/\/samenwerkenmet.harmony.nl\/#\/schema\/logo\/image\/"}}]}},"acf":[],"_links":{"self":[{"href":"https:\/\/samenwerkenmet.harmony.nl\/fr\/wp-json\/wp\/v2\/pages\/1010\/"}],"collection":[{"href":"https:\/\/samenwerkenmet.harmony.nl\/fr\/wp-json\/wp\/v2\/pages\/"}],"about":[{"href":"https:\/\/samenwerkenmet.harmony.nl\/fr\/wp-json\/wp\/v2\/types\/page\/"}],"author":[{"embeddable":true,"href":"https:\/\/samenwerkenmet.harmony.nl\/fr\/wp-json\/wp\/v2\/users\/1\/"}],"replies":[{"embeddable":true,"href":"https:\/\/samenwerkenmet.harmony.nl\/fr\/wp-json\/wp\/v2\/comments\/?post=1010"}],"version-history":[{"count":1,"href":"https:\/\/samenwerkenmet.harmony.nl\/fr\/wp-json\/wp\/v2\/pages\/1010\/revisions\/"}],"predecessor-version":[{"id":1032,"href":"https:\/\/samenwerkenmet.harmony.nl\/fr\/wp-json\/wp\/v2\/pages\/1010\/revisions\/1032\/"}],"wp:attachment":[{"href":"https:\/\/samenwerkenmet.harmony.nl\/fr\/wp-json\/wp\/v2\/media\/?parent=1010"}],"wp:term":[{"taxonomy":"category","embeddable":true,"href":"https:\/\/samenwerkenmet.harmony.nl\/fr\/wp-json\/wp\/v2\/categories\/?post=1010"},{"taxonomy":"post_tag","embeddable":true,"href":"https:\/\/samenwerkenmet.harmony.nl\/fr\/wp-json\/wp\/v2\/tags\/?post=1010"}],"curies":[{"name":"wp","href":"https:\/\/api.w.org\/{rel}","templated":true}]}}